{"id":183,"date":"2021-05-11T09:56:42","date_gmt":"2021-05-11T09:56:42","guid":{"rendered":"http:\/\/www.elamanleipa.fi\/?page_id=183"},"modified":"2026-01-08T16:23:12","modified_gmt":"2026-01-08T16:23:12","slug":"elementor-183","status":"publish","type":"page","link":"https:\/\/www.elamanleipa.fi\/?page_id=183","title":{"rendered":"In English"},"content":{"rendered":"<p><strong>Starting from 24.7.2023, we distribute food only to people living in these zip codes: 40340 and 40320, and require proof of residence and ID.\u00a0<\/strong><\/p>\n<p>&nbsp;<\/p>\n<p><b>You need to be 18 or older if you wish to be our customer.\u00a0\u00a0<\/b><\/p>\n<p><i><b>\u00a0<\/b><\/i><\/p>\n<p><i><b>About us<\/b><\/i><\/p>\n<p>Huhtasuon El\u00e4m\u00e4n leip\u00e4 ry is a charity organization ran by volunteers in Jyv\u00e4skyl\u00e4, since 2008.<\/p>\n<p>We are located at Nevakatu 1<\/p>\n<p>We are distributing food donated to us by local shops three times a week, on mondays, wednesdays and fridays. <b>Once a week per person\/household.<\/b><\/p>\n<p>Food assistance is meant for everyone who is low income.<\/p>\n<p><b>We are charging 6\u20ac to cover our costs.<\/b><\/p>\n<p><b>If you need to contact us in English please email to english@elamanleipa.fi<\/b><\/p>\n<p><b>\u00a0<\/b><\/p>\n<p>We are open:<\/p>\n<p>Monday: 12:00-13.00*<\/p>\n<p>Wednesday: 12:00-13.00*<\/p>\n<p>Friday: 12:00-13.00*<\/p>\n<p>*Or we run out of food<\/p>\n<p><b>We give out queuing numbers in a randomized order at around 11:40 on MON-WED-FRI.<\/b><\/p>\n<p>&nbsp;<\/p>\n<p>&nbsp;<\/p>\n","protected":false},"excerpt":{"rendered":"<p>Starting from 24.7.2023, we distribute food only to people living in these zip codes: 40340 and 40320, and require proof of residence and ID.\u00a0 &nbsp; You need to be 18 or older if you wish to be our customer.\u00a0\u00a0 \u00a0 About us Huhtasuon El\u00e4m\u00e4n leip\u00e4 ry is a charity organization ran by volunteers in Jyv\u00e4skyl\u00e4, [&hellip;]<\/p>\n","protected":false},"author":1,"featured_media":0,"parent":0,"menu_order":5,"comment_status":"closed","ping_status":"closed","template":"","meta":{"footnotes":""},"class_list":["post-183","page","type-page","status-publish","hentry"],"_links":{"self":[{"href":"https:\/\/www.elamanleipa.fi\/index.php?rest_route=\/wp\/v2\/pages\/183","targetHints":{"allow":["GET"]}}],"collection":[{"href":"https:\/\/www.elamanleipa.fi\/index.php?rest_route=\/wp\/v2\/pages"}],"about":[{"href":"https:\/\/www.elamanleipa.fi\/index.php?rest_route=\/wp\/v2\/types\/page"}],"author":[{"embeddable":true,"href":"https:\/\/www.elamanleipa.fi\/index.php?rest_route=\/wp\/v2\/users\/1"}],"replies":[{"embeddable":true,"href":"https:\/\/www.elamanleipa.fi\/index.php?rest_route=%2Fwp%2Fv2%2Fcomments&post=183"}],"version-history":[{"count":62,"href":"https:\/\/www.elamanleipa.fi\/index.php?rest_route=\/wp\/v2\/pages\/183\/revisions"}],"predecessor-version":[{"id":372,"href":"https:\/\/www.elamanleipa.fi\/index.php?rest_route=\/wp\/v2\/pages\/183\/revisions\/372"}],"wp:attachment":[{"href":"https:\/\/www.elamanleipa.fi\/index.php?rest_route=%2Fwp%2Fv2%2Fmedia&parent=183"}],"curies":[{"name":"wp","href":"https:\/\/api.w.org\/{rel}","templated":true}]}}