{"id":314,"date":"2024-03-06T06:41:14","date_gmt":"2024-03-06T06:41:14","guid":{"rendered":"https:\/\/www.elamanleipa.fi\/?page_id=314"},"modified":"2026-01-08T16:23:23","modified_gmt":"2026-01-08T16:23:23","slug":"%d1%83%d0%ba%d1%80%d0%b0%d1%97%d0%bd%d1%81%d1%8c%d0%ba%d0%be%d1%8e","status":"publish","type":"page","link":"https:\/\/www.elamanleipa.fi\/?page_id=314","title":{"rendered":"\u0423\u043a\u0440\u0430\u0457\u043d\u0441\u044c\u043a\u043e\u044e"},"content":{"rendered":"<p><strong>\u041f\u043e\u0447\u0438\u043d\u0430\u044e\u0447\u0438 \u0437 24.07.2023, \u043c\u0438 \u0440\u043e\u0437\u0434\u0430\u0454\u043c\u043e \u0457\u0436\u0443 \u043b\u0438\u0448\u0435 \u043b\u044e\u0434\u044f\u043c, \u044f\u043a\u0456 \u043f\u0440\u043e\u0436\u0438\u0432\u0430\u044e\u0442\u044c \u0443 \u0446\u0438\u0445 \u043f\u043e\u0448\u0442\u043e\u0432\u0438\u0445 \u0456\u043d\u0434\u0435\u043a\u0441\u0430\u0445: 40340 \u0442\u0430 40320, \u0456 \u0432\u0438\u043c\u0430\u0433\u0430\u044e\u0442\u044c \u043f\u0456\u0434\u0442\u0432\u0435\u0440\u0434\u0436\u0435\u043d\u043d\u044f \u043c\u0456\u0441\u0446\u044f \u043f\u0440\u043e\u0436\u0438\u0432\u0430\u043d\u043d\u044f \u0442\u0430 \u043f\u043e\u0441\u0432\u0456\u0434\u0447\u0435\u043d\u043d\u044f \u043e\u0441\u043e\u0431\u0438.<\/strong><\/p>\n<p>&nbsp;<\/p>\n<p><strong>\u0429\u043e\u0431 \u0441\u0442\u0430\u0442\u0438 \u043d\u0430\u0448\u0438\u043c \u043a\u043b\u0456\u0454\u043d\u0442\u043e\u043c, \u0432\u0430\u043c \u043c\u0430\u0454 \u0431\u0443\u0442\u0438 18 \u0440\u043e\u043a\u0456\u0432.<\/strong><\/p>\n<p>&nbsp;<\/p>\n<p>\u041f\u0440\u043e \u043d\u0430\u0441<\/p>\n<p>Huhtasuon El\u00e4m\u00e4n leip\u00e4 ry \u2013 \u0446\u0435 \u0431\u043b\u0430\u0433\u043e\u0434\u0456\u0439\u043d\u0430 \u043e\u0440\u0433\u0430\u043d\u0456\u0437\u0430\u0446\u0456\u044f, \u044f\u043a\u043e\u044e \u043a\u0435\u0440\u0443\u044e\u0442\u044c \u0432\u043e\u043b\u043e\u043d\u0442\u0435\u0440\u0438 \u0432 \u042e\u0432\u044f\u0441\u043a\u044e\u043b\u044f \u0437 2008 \u0440\u043e\u043a\u0443.<\/p>\n<p>\u041c\u0438 \u0437\u043d\u0430\u0445\u043e\u0434\u0438\u043c\u043e\u0441\u044f \u0437\u0430 \u0430\u0434\u0440\u0435\u0441\u043e\u044e Nevakatu 1<\/p>\n<p>\u041c\u0438 \u0440\u043e\u0437\u0434\u0430\u0454\u043c\u043e \u0457\u0436\u0443, \u043f\u043e\u0434\u0430\u0440\u043e\u0432\u0430\u043d\u0443 \u043d\u0430\u043c \u043c\u0456\u0441\u0446\u0435\u0432\u0438\u043c\u0438 \u043c\u0430\u0433\u0430\u0437\u0438\u043d\u0430\u043c\u0438, \u0442\u0440\u0438\u0447\u0456 \u043d\u0430 \u0442\u0438\u0436\u0434\u0435\u043d\u044c, \u0443 \u043f\u043e\u043d\u0435\u0434\u0456\u043b\u043e\u043a, \u0441\u0435\u0440\u0435\u0434\u0443 \u0442\u0430 \u043f\u2019\u044f\u0442\u043d\u0438\u0446\u044e. \u0420\u0430\u0437 \u043d\u0430 \u0442\u0438\u0436\u0434\u0435\u043d\u044c \u043d\u0430 \u043e\u0441\u043e\u0431\u0443\/\u0434\u043e\u043c\u043e\u0433\u043e\u0441\u043f\u043e\u0434\u0430\u0440\u0441\u0442\u0432\u043e.<\/p>\n<p>\u0425\u0430\u0440\u0447\u043e\u0432\u0430 \u0434\u043e\u043f\u043e\u043c\u043e\u0433\u0430 \u043f\u0440\u0438\u0437\u043d\u0430\u0447\u0435\u043d\u0430 \u0432\u0441\u0456\u043c \u043c\u0430\u043b\u043e\u0437\u0430\u0431\u0435\u0437\u043f\u0435\u0447\u0435\u043d\u0438\u043c.<\/p>\n<p><strong>\u041c\u0438 \u0431\u0435\u0440\u0435\u043c\u043e 6 \u0454\u0432\u0440\u043e \u0434\u043b\u044f \u043f\u043e\u043a\u0440\u0438\u0442\u0442\u044f \u043d\u0430\u0448\u0438\u0445 \u0432\u0438\u0442\u0440\u0430\u0442.<\/strong><\/p>\n<p><strong>\u042f\u043a\u0449\u043e \u0432\u0430\u043c \u043f\u043e\u0442\u0440\u0456\u0431\u043d\u043e \u0437\u0432\u2019\u044f\u0437\u0430\u0442\u0438\u0441\u044f \u0437 \u043d\u0430\u043c\u0438 \u0430\u043d\u0433\u043b\u0456\u0439\u0441\u044c\u043a\u043e\u044e \u043c\u043e\u0432\u043e\u044e, \u043d\u0430\u0434\u0456\u0448\u043b\u0456\u0442\u044c \u0435\u043b\u0435\u043a\u0442\u0440\u043e\u043d\u043d\u0438\u0439 \u043b\u0438\u0441\u0442 \u043d\u0430 \u0430\u0434\u0440\u0435\u0441\u0443 english@elamanleipa.fi, \u041d\u0430 \u0436\u0430\u043b\u044c, \u043c\u0438 \u043d\u0435 \u043c\u043e\u0436\u0435\u043c\u043e \u0434\u043e\u043f\u043e\u043c\u043e\u0433\u0442\u0438 \u0432\u0430\u043c \u0443\u043a\u0440\u0430\u0457\u043d\u0441\u044c\u043a\u043e\u044e \u043c\u043e\u0432\u043e\u044e.<\/strong><\/p>\n<p>&nbsp;<\/p>\n<p>&nbsp;<\/p>\n<p>\u041c\u0438 \u0432\u0456\u0434\u043a\u0440\u0438\u0442\u0456:<\/p>\n<p>\u041f\u043e\u043d\u0435\u0434\u0456\u043b\u043e\u043a: 12:00-13:00*<\/p>\n<p>\u0421\u0435\u0440\u0435\u0434\u0430: 12:00-13:00*<\/p>\n<p>\u043f&#8217;\u044f\u0442\u043d\u0438\u0446\u044f: 12:00-13:00*<\/p>\n<p>*\u0410\u0431\u043e \u0443 \u043d\u0430\u0441 \u0437\u0430\u043a\u0456\u043d\u0447\u0438\u043b\u0430\u0441\u044f \u0457\u0436\u0430<\/p>\n<p>\u041c\u0438 \u043d\u0430\u0434\u0430\u0454\u043c\u043e \u043d\u043e\u043c\u0435\u0440\u0438 \u0447\u0435\u0440\u0433\u0438 \u0443 \u0432\u0438\u043f\u0430\u0434\u043a\u043e\u0432\u043e\u043c\u0443 \u043f\u043e\u0440\u044f\u0434\u043a\u0443 \u043f\u0440\u0438\u0431\u043b\u0438\u0437\u043d\u043e \u043e\u0431 11:40 \u041f\u041d-\u0421\u0415\u0420-\u041f\u0422.<\/p>\n<p>&nbsp;<\/p>\n<p>&nbsp;<\/p>\n","protected":false},"excerpt":{"rendered":"<p>\u041f\u043e\u0447\u0438\u043d\u0430\u044e\u0447\u0438 \u0437 24.07.2023, \u043c\u0438 \u0440\u043e\u0437\u0434\u0430\u0454\u043c\u043e \u0457\u0436\u0443 \u043b\u0438\u0448\u0435 \u043b\u044e\u0434\u044f\u043c, \u044f\u043a\u0456 \u043f\u0440\u043e\u0436\u0438\u0432\u0430\u044e\u0442\u044c \u0443 \u0446\u0438\u0445 \u043f\u043e\u0448\u0442\u043e\u0432\u0438\u0445 \u0456\u043d\u0434\u0435\u043a\u0441\u0430\u0445: 40340 \u0442\u0430 40320, \u0456 \u0432\u0438\u043c\u0430\u0433\u0430\u044e\u0442\u044c \u043f\u0456\u0434\u0442\u0432\u0435\u0440\u0434\u0436\u0435\u043d\u043d\u044f \u043c\u0456\u0441\u0446\u044f \u043f\u0440\u043e\u0436\u0438\u0432\u0430\u043d\u043d\u044f \u0442\u0430 \u043f\u043e\u0441\u0432\u0456\u0434\u0447\u0435\u043d\u043d\u044f \u043e\u0441\u043e\u0431\u0438. &nbsp; \u0429\u043e\u0431 \u0441\u0442\u0430\u0442\u0438 \u043d\u0430\u0448\u0438\u043c \u043a\u043b\u0456\u0454\u043d\u0442\u043e\u043c, \u0432\u0430\u043c \u043c\u0430\u0454 \u0431\u0443\u0442\u0438 18 \u0440\u043e\u043a\u0456\u0432. &nbsp; \u041f\u0440\u043e \u043d\u0430\u0441 Huhtasuon El\u00e4m\u00e4n leip\u00e4 ry \u2013 \u0446\u0435 \u0431\u043b\u0430\u0433\u043e\u0434\u0456\u0439\u043d\u0430 \u043e\u0440\u0433\u0430\u043d\u0456\u0437\u0430\u0446\u0456\u044f, \u044f\u043a\u043e\u044e \u043a\u0435\u0440\u0443\u044e\u0442\u044c \u0432\u043e\u043b\u043e\u043d\u0442\u0435\u0440\u0438 \u0432 \u042e\u0432\u044f\u0441\u043a\u044e\u043b\u044f \u0437 2008 \u0440\u043e\u043a\u0443. \u041c\u0438 [&hellip;]<\/p>\n","protected":false},"author":1,"featured_media":0,"parent":0,"menu_order":6,"comment_status":"closed","ping_status":"closed","template":"","meta":{"footnotes":""},"class_list":["post-314","page","type-page","status-publish","hentry"],"_links":{"self":[{"href":"https:\/\/www.elamanleipa.fi\/index.php?rest_route=\/wp\/v2\/pages\/314","targetHints":{"allow":["GET"]}}],"collection":[{"href":"https:\/\/www.elamanleipa.fi\/index.php?rest_route=\/wp\/v2\/pages"}],"about":[{"href":"https:\/\/www.elamanleipa.fi\/index.php?rest_route=\/wp\/v2\/types\/page"}],"author":[{"embeddable":true,"href":"https:\/\/www.elamanleipa.fi\/index.php?rest_route=\/wp\/v2\/users\/1"}],"replies":[{"embeddable":true,"href":"https:\/\/www.elamanleipa.fi\/index.php?rest_route=%2Fwp%2Fv2%2Fcomments&post=314"}],"version-history":[{"count":12,"href":"https:\/\/www.elamanleipa.fi\/index.php?rest_route=\/wp\/v2\/pages\/314\/revisions"}],"predecessor-version":[{"id":373,"href":"https:\/\/www.elamanleipa.fi\/index.php?rest_route=\/wp\/v2\/pages\/314\/revisions\/373"}],"wp:attachment":[{"href":"https:\/\/www.elamanleipa.fi\/index.php?rest_route=%2Fwp%2Fv2%2Fmedia&parent=314"}],"curies":[{"name":"wp","href":"https:\/\/api.w.org\/{rel}","templated":true}]}}