{"id":55,"date":"2018-09-13T20:40:06","date_gmt":"2018-09-13T20:40:06","guid":{"rendered":"http:\/\/www.elamanleipa.fi\/?page_id=55"},"modified":"2025-04-27T06:45:59","modified_gmt":"2025-04-27T06:45:59","slug":"etusivu","status":"publish","type":"page","link":"https:\/\/www.elamanleipa.fi\/?page_id=55","title":{"rendered":"Tietoa meist\u00e4"},"content":{"rendered":"<p><b style=\"box-sizing: inherit; color: #636161; font-family: 'Open Sans', Arial, sans-serif;\" data-darkreader-inline-color=\"\">Huhtasuon El\u00e4m\u00e4n leip\u00e4 ry\u00a0on vuonna 2008 perustettu Jyv\u00e4skyl\u00e4n Huhtasuolla osoitteessa Nevakatu 1 toimiva vapaaehtoisj\u00e4rjest\u00f6.\u00a0<\/b><\/p>\n<p><b style=\"box-sizing: inherit; color: #636161; font-family: 'Open Sans', Arial, sans-serif;\" data-darkreader-inline-color=\"\">Jaamme kauppojen antamaa ylij\u00e4\u00e4m\u00e4ruokaa kolme kertaa viikossa maanantaisin, keskiviikkoisin ja perjantaisin. Katso aukioloaikamme <a href=\"https:\/\/www.elamanleipa.fi\/?page_id=76\">t\u00e4\u00e4lt\u00e4.<\/a><\/b><\/p>\n<p><b style=\"box-sizing: inherit; color: #636161; font-family: 'Open Sans', Arial, sans-serif;\" data-darkreader-inline-color=\"\">Ruoka-apu on tarkoitettu kaikille v\u00e4h\u00e4varaisille.<\/b><\/p>\n<p><b style=\"box-sizing: inherit; color: #636161; font-family: 'Open Sans', Arial, sans-serif;\" data-darkreader-inline-color=\"\">Perimme kulujemme kattamiseksi nimellisen 6 euron summan.\u00a0<\/b><\/p>\n<p><b style=\"box-sizing: inherit; color: #636161; font-family: 'Open Sans', Arial, sans-serif;\" data-darkreader-inline-color=\"\">\u00a0<\/b><\/p>\n<p><img loading=\"lazy\" decoding=\"async\" src=\"https:\/\/www.elamanleipa.fi\/wp-content\/uploads\/2018\/09\/Tietoa-1024x576.jpg\" sizes=\"auto, (max-width: 900px) 100vw, 900px\" srcset=\"https:\/\/www.elamanleipa.fi\/wp-content\/uploads\/2018\/09\/Tietoa-1024x576.jpg 1024w, https:\/\/www.elamanleipa.fi\/wp-content\/uploads\/2018\/09\/Tietoa-300x169.jpg 300w, https:\/\/www.elamanleipa.fi\/wp-content\/uploads\/2018\/09\/Tietoa-768x432.jpg 768w\" alt=\"\" width=\"900\" height=\"506\" \/><\/p>\n","protected":false},"excerpt":{"rendered":"<p>Huhtasuon El\u00e4m\u00e4n leip\u00e4 ry\u00a0on vuonna 2008 perustettu Jyv\u00e4skyl\u00e4n Huhtasuolla osoitteessa Nevakatu 1 toimiva vapaaehtoisj\u00e4rjest\u00f6.\u00a0 Jaamme kauppojen antamaa ylij\u00e4\u00e4m\u00e4ruokaa kolme kertaa viikossa maanantaisin, keskiviikkoisin ja perjantaisin. Katso aukioloaikamme t\u00e4\u00e4lt\u00e4. Ruoka-apu on tarkoitettu kaikille v\u00e4h\u00e4varaisille. Perimme kulujemme kattamiseksi nimellisen 6 euron summan.\u00a0 \u00a0<\/p>\n","protected":false},"author":1,"featured_media":0,"parent":0,"menu_order":3,"comment_status":"closed","ping_status":"closed","template":"","meta":{"footnotes":""},"class_list":["post-55","page","type-page","status-publish","hentry"],"_links":{"self":[{"href":"https:\/\/www.elamanleipa.fi\/index.php?rest_route=\/wp\/v2\/pages\/55","targetHints":{"allow":["GET"]}}],"collection":[{"href":"https:\/\/www.elamanleipa.fi\/index.php?rest_route=\/wp\/v2\/pages"}],"about":[{"href":"https:\/\/www.elamanleipa.fi\/index.php?rest_route=\/wp\/v2\/types\/page"}],"author":[{"embeddable":true,"href":"https:\/\/www.elamanleipa.fi\/index.php?rest_route=\/wp\/v2\/users\/1"}],"replies":[{"embeddable":true,"href":"https:\/\/www.elamanleipa.fi\/index.php?rest_route=%2Fwp%2Fv2%2Fcomments&post=55"}],"version-history":[{"count":21,"href":"https:\/\/www.elamanleipa.fi\/index.php?rest_route=\/wp\/v2\/pages\/55\/revisions"}],"predecessor-version":[{"id":359,"href":"https:\/\/www.elamanleipa.fi\/index.php?rest_route=\/wp\/v2\/pages\/55\/revisions\/359"}],"wp:attachment":[{"href":"https:\/\/www.elamanleipa.fi\/index.php?rest_route=%2Fwp%2Fv2%2Fmedia&parent=55"}],"curies":[{"name":"wp","href":"https:\/\/api.w.org\/{rel}","templated":true}]}}