{"id":76,"date":"2018-09-14T11:01:12","date_gmt":"2018-09-14T11:01:12","guid":{"rendered":"http:\/\/www.elamanleipa.fi\/?page_id=76"},"modified":"2026-01-08T16:22:52","modified_gmt":"2026-01-08T16:22:52","slug":"aukioloaikamme","status":"publish","type":"page","link":"https:\/\/www.elamanleipa.fi\/?page_id=76","title":{"rendered":"Aukioloaikamme"},"content":{"rendered":"<h1>24.7.202<strong>3 alkaen jaamme ruokaa vain ihmisille jotka asuvat n\u00e4ill\u00e4 postinumeroalueilla: 40340, 40320.<\/strong><\/h1>\n<h1><\/h1>\n<h1>Vain 18 vuotta t\u00e4ytt\u00e4neet voivat tulla asiakkaaksemme.<\/h1>\n<h1><strong>\u00a0<\/strong><\/h1>\n<h1><strong>Olemme avoinna:<\/strong><\/h1>\n<p>Maanantai: 12:00 &#8211; 13.00*<br \/>\nKeskiviikko: 12:00 &#8211; 13:00*<br \/>\nPerjantai: 12:00 &#8211; 13:00*<\/p>\n<p>*tai kunnes jaettava ruoka loppuu<\/p>\n<p><strong>Vuoronumerot jaetaan satunnaisessa j\u00e4rjestyksess\u00e4 noin kello 11:40.<\/strong><\/p>\n<figure class=\"gallery-item\"><a href=\"https:\/\/www.elamanleipa.fi\/wp-content\/uploads\/2018\/09\/20180921_104638.jpg\" data-elementor-open-lightbox=\"yes\" data-elementor-lightbox-slideshow=\"c9d6ed5\" data-elementor-lightbox-title=\"20180921_104638\"><img loading=\"lazy\" decoding=\"async\" src=\"https:\/\/www.elamanleipa.fi\/wp-content\/uploads\/2018\/09\/20180921_104638-150x150.jpg\" alt=\"\" width=\"150\" height=\"150\" \/><\/a><\/figure>\n<figure class=\"gallery-item\"><a href=\"https:\/\/www.elamanleipa.fi\/wp-content\/uploads\/2018\/09\/tietoa-2.jpg\" data-elementor-open-lightbox=\"yes\" data-elementor-lightbox-slideshow=\"c9d6ed5\" data-elementor-lightbox-title=\"tietoa 2\"><img loading=\"lazy\" decoding=\"async\" src=\"https:\/\/www.elamanleipa.fi\/wp-content\/uploads\/2018\/09\/tietoa-2-150x150.jpg\" alt=\"\" width=\"150\" height=\"150\" \/><\/a><\/figure>\n<figure class=\"gallery-item\"><a href=\"https:\/\/www.elamanleipa.fi\/wp-content\/uploads\/2018\/09\/20180921_104725.jpg\" data-elementor-open-lightbox=\"yes\" data-elementor-lightbox-slideshow=\"c9d6ed5\" data-elementor-lightbox-title=\"20180921_104725\"><img loading=\"lazy\" decoding=\"async\" src=\"https:\/\/www.elamanleipa.fi\/wp-content\/uploads\/2018\/09\/20180921_104725-150x150.jpg\" alt=\"\" width=\"150\" height=\"150\" \/><\/a><\/figure>\n<figure class=\"gallery-item\"><a href=\"https:\/\/www.elamanleipa.fi\/wp-content\/uploads\/2019\/01\/ruuanjako1.jpg\" data-elementor-open-lightbox=\"yes\" data-elementor-lightbox-slideshow=\"c9d6ed5\" data-elementor-lightbox-title=\"ruuanjako1\"><img loading=\"lazy\" decoding=\"async\" src=\"https:\/\/www.elamanleipa.fi\/wp-content\/uploads\/2019\/01\/ruuanjako1-150x150.jpg\" alt=\"\" width=\"150\" height=\"150\" \/><\/a><\/figure>\n<figure class=\"gallery-item\"><a href=\"https:\/\/www.elamanleipa.fi\/wp-content\/uploads\/2019\/01\/ruuanjako2.jpg\" data-elementor-open-lightbox=\"yes\" data-elementor-lightbox-slideshow=\"c9d6ed5\" data-elementor-lightbox-title=\"OLYMPUS DIGITAL CAMERA\"><img loading=\"lazy\" decoding=\"async\" src=\"https:\/\/www.elamanleipa.fi\/wp-content\/uploads\/2019\/01\/ruuanjako2-150x150.jpg\" alt=\"\" width=\"150\" height=\"150\" \/><\/a><\/figure>\n","protected":false},"excerpt":{"rendered":"<p>24.7.2023 alkaen jaamme ruokaa vain ihmisille jotka asuvat n\u00e4ill\u00e4 postinumeroalueilla: 40340, 40320. Vain 18 vuotta t\u00e4ytt\u00e4neet voivat tulla asiakkaaksemme. \u00a0 Olemme avoinna: Maanantai: 12:00 &#8211; 13.00* Keskiviikko: 12:00 &#8211; 13:00* Perjantai: 12:00 &#8211; 13:00* *tai kunnes jaettava ruoka loppuu Vuoronumerot jaetaan satunnaisessa j\u00e4rjestyksess\u00e4 noin kello 11:40.<\/p>\n","protected":false},"author":1,"featured_media":0,"parent":0,"menu_order":4,"comment_status":"closed","ping_status":"closed","template":"","meta":{"footnotes":""},"class_list":["post-76","page","type-page","status-publish","hentry"],"_links":{"self":[{"href":"https:\/\/www.elamanleipa.fi\/index.php?rest_route=\/wp\/v2\/pages\/76","targetHints":{"allow":["GET"]}}],"collection":[{"href":"https:\/\/www.elamanleipa.fi\/index.php?rest_route=\/wp\/v2\/pages"}],"about":[{"href":"https:\/\/www.elamanleipa.fi\/index.php?rest_route=\/wp\/v2\/types\/page"}],"author":[{"embeddable":true,"href":"https:\/\/www.elamanleipa.fi\/index.php?rest_route=\/wp\/v2\/users\/1"}],"replies":[{"embeddable":true,"href":"https:\/\/www.elamanleipa.fi\/index.php?rest_route=%2Fwp%2Fv2%2Fcomments&post=76"}],"version-history":[{"count":94,"href":"https:\/\/www.elamanleipa.fi\/index.php?rest_route=\/wp\/v2\/pages\/76\/revisions"}],"predecessor-version":[{"id":371,"href":"https:\/\/www.elamanleipa.fi\/index.php?rest_route=\/wp\/v2\/pages\/76\/revisions\/371"}],"wp:attachment":[{"href":"https:\/\/www.elamanleipa.fi\/index.php?rest_route=%2Fwp%2Fv2%2Fmedia&parent=76"}],"curies":[{"name":"wp","href":"https:\/\/api.w.org\/{rel}","templated":true}]}}